{"id":24850,"date":"2024-01-19T13:55:22","date_gmt":"2024-01-19T12:55:22","guid":{"rendered":"https:\/\/suport.fundesplai.org\/?page_id=24850"},"modified":"2024-01-19T13:57:49","modified_gmt":"2024-01-19T12:57:49","slug":"gracias-por-vuestra-confianza-un-ano-mas-2","status":"publish","type":"page","link":"https:\/\/suport.fundesplai.org\/es\/gracias-por-vuestra-confianza-un-ano-mas-2\/","title":{"rendered":"\u00a1Gracias por vuestra confianza un a\u00f1o m\u00e1s!"},"content":{"rendered":"<p>[et_pb_section fb_built=\u00bb1&#8243; _builder_version=\u00bb4.16&#8243; global_colors_info=\u00bb{}\u00bb][et_pb_row _builder_version=\u00bb4.16&#8243; background_enable_image=\u00bboff\u00bb background_size=\u00bbinitial\u00bb background_position=\u00bbtop_left\u00bb background_repeat=\u00bbrepeat\u00bb global_colors_info=\u00bb{}\u00bb][et_pb_column type=\u00bb4_4&#8243; _builder_version=\u00bb4.16&#8243; custom_padding=\u00bb|||\u00bb global_colors_info=\u00bb{}\u00bb custom_padding__hover=\u00bb|||\u00bb][et_pb_image src=\u00bbhttps:\/\/suport.fundesplai.org\/wp-content\/uploads\/2023\/01\/suport-tarifes-scaled.jpg\u00bb title_text=\u00bbsuport-tarifes\u00bb _builder_version=\u00bb4.16&#8243; _module_preset=\u00bbdefault\u00bb global_colors_info=\u00bb{}\u00bb][\/et_pb_image][et_pb_divider _builder_version=\u00bb4.16&#8243; _module_preset=\u00bbdefault\u00bb global_colors_info=\u00bb{}\u00bb][\/et_pb_divider][et_pb_text _builder_version=\u00bb4.21.0&#8243; background_size=\u00bbinitial\u00bb background_position=\u00bbtop_left\u00bb background_repeat=\u00bbrepeat\u00bb hover_enabled=\u00bb0&#8243; global_colors_info=\u00bb{}\u00bb sticky_enabled=\u00bb0&#8243;]<\/p>\n<div class=\"traductor-textarea form-group\">\n<div class=\"textarea-desti col-xs-12 col-sm-6\">\n<div class=\"form-control second-textarea\">\n<p>Todas las personas que trabajamos a Suport Tercer Sector os queremos agradecer la confianza que muchas entidades nos ten\u00e9is. Somos m\u00e1s de 1.050 entidades sin \u00e1nimo de lucro que formamos parte del Club Apoyo y sin vuestra participaci\u00f3n este proyecto colaborativo no ser\u00eda posible. Gracias!<\/p>\n<p>Nos satisface mucho poder ofrecer cada vez m\u00e1s servicios para mejorar la gesti\u00f3n y necesidades del d\u00eda a d\u00eda del Tercer Sector. Por esta raz\u00f3n, hemos creado una \u00e1rea propia de Igualdad, separada de Laboral, liderada por Sara Jim\u00e9nez. De este modo ampliamos el Servicio de igualdad de g\u00e9nero y diversidad con m\u00e1s proyectos, formaciones, asesoramientos y acompa\u00f1amientos tambi\u00e9n en cuestiones *LGBTI, para que las entidades acontezcan m\u00e1s igualitarias y diversas. Adem\u00e1s, este a\u00f1o ponemos en marcha la nueva Oficina t\u00e9cnica por la equidad de g\u00e9nero y la diversidad sexual, el que nos permitir\u00e1 acompa\u00f1ar mucho m\u00e1s las entidades en estos \u00e1mbitos.<\/p>\n<p>El equipo de Apoyo Tercero Sector hagamos otros cambios para poder ofrecer una mejor atenci\u00f3n a las entidades. En esta l\u00ednea, Cristina Lozano, con una larga trayectoria al departamento, coge el relevo como nueva jefa del \u00c1rea Laboral, y Sandra *Pulido acontece jefe de comunicaci\u00f3n de Apoyo Tercero Sector. Adem\u00e1s, Eduardo *Izquierdo, hasta ahora cabe del \u00c1rea Laboral y de Igualdad de g\u00e9nero, asume el cargo de Responsable de planificaci\u00f3n y estrategia para dar una visi\u00f3n m\u00e1s transversal de las entidades del tercer sector que forman parte del proyecto, estableciendo nuevos procedimientos y mecanismos de gesti\u00f3n, buscando nuevas oportunidades para fortalecer las entidades y marcando las estrategias de acci\u00f3n de Apoyo Tercero Sector.<\/p>\n<p>El otro gran reto en el cual entramos de pleno este 2024 es la mejora en la adaptaci\u00f3n y renovaci\u00f3n de los programas de gesti\u00f3n que us\u00e1is las entidades del tercer sector. Por este motivo, este a\u00f1o haremos efectiva la aplicaci\u00f3n de un nuevo sistema de planificaci\u00f3n de recursos o *ERP. Se trata de un paso adelante para conseguir la gesti\u00f3n integral digitalizada de las tareas del d\u00eda a d\u00eda, el que ahorrar\u00e1 mucho de tiempo en la gesti\u00f3n de las entidades. Es un reto muy grande que se alargar\u00e1 hasta el 2025 y que quiere suponer un salto cualitativo para todo el tercer sector.<\/p>\n<p>Sin embargo, como siempre, continuamos ofreci\u00e9ndoos los servicios de jur\u00eddico, laboral, igualdad, econ\u00f3mico e inform\u00e1tico, as\u00ed como formaciones, programas inform\u00e1ticos, seguros, jornadas y contenidos informativos centrados en las necesidades del tercer sector. Todo con un equipo profesional de m\u00e1s de 30 personas expertas en el tercer sector.<\/p>\n<p>Finalmente, queremos poner en valor que todos estos servicios los ofrecemos siempre intentando garantizar un coste ajustado para todas las entidades. Este enero empezaremos a girar las cuotas. Este a\u00f1o, hemos tenido que hacer una revisi\u00f3n que supone un incremento de 8 \u20ac en el a\u00f1o y para el resto de servicios hemos ajustado los precios alrededor de un 4%, dependiendo del servicio.<\/p>\n<p>Sabemos que todas las entidades hac\u00e9is grandes esfuerzos para mantener vuestros servicios y atenci\u00f3n a los colectivos que lo necesitan, por eso reiteramos nuestro agradecimiento por vuestra confianza.<\/p>\n<p>Muchas gracias de todo el equipo de Suport Tercer Sector!<\/p>\n<\/div>\n<\/div>\n<\/div>\n<div class=\"traductor-checkbox form-group\">\n<div class=\"row\">\n<div class=\"col-sm-5\">\u00a0<\/div>\n<\/div>\n<\/div>\n<p>[\/et_pb_text][et_pb_divider _builder_version=\u00bb4.16&#8243; _module_preset=\u00bbdefault\u00bb global_colors_info=\u00bb{}\u00bb][\/et_pb_divider][\/et_pb_column][\/et_pb_row][\/et_pb_section]<\/p>\n","protected":false},"excerpt":{"rendered":"<p>Todas las personas que trabajamos a Suport Tercer Sector os queremos agradecer la confianza que muchas entidades nos ten\u00e9is. Somos m\u00e1s de 1.050 entidades sin \u00e1nimo de lucro que formamos parte del Club Apoyo y sin vuestra participaci\u00f3n este proyecto colaborativo no ser\u00eda posible. Gracias! Nos satisface mucho poder ofrecer cada vez m\u00e1s servicios para [&hellip;]<\/p>\n","protected":false},"author":360,"featured_media":20842,"parent":0,"menu_order":0,"comment_status":"closed","ping_status":"closed","template":"","meta":{"_et_pb_use_builder":"on","_et_pb_old_content":"","_et_gb_content_width":"","footnotes":""},"class_list":["post-24850","page","type-page","status-publish","has-post-thumbnail","hentry"],"yoast_head":"<!-- This site is optimized with the Yoast SEO plugin v27.6 - https:\/\/yoast.com\/product\/yoast-seo-wordpress\/ -->\n<title>\u00a1Gracias por vuestra confianza un a\u00f1o m\u00e1s! - Suport Tercer Sector - Fundesplai<\/title>\n<meta name=\"robots\" content=\"index, follow, max-snippet:-1, max-image-preview:large, max-video-preview:-1\" \/>\n<link rel=\"canonical\" href=\"https:\/\/suport.fundesplai.org\/es\/gracias-por-vuestra-confianza-un-ano-mas-2\/\" \/>\n<meta property=\"og:locale\" content=\"es_ES\" \/>\n<meta property=\"og:type\" content=\"article\" \/>\n<meta property=\"og:title\" content=\"\u00a1Gracias por vuestra confianza un a\u00f1o m\u00e1s! - Suport Tercer Sector - Fundesplai\" \/>\n<meta property=\"og:description\" content=\"Todas las personas que trabajamos a Suport Tercer Sector os queremos agradecer la confianza que muchas entidades nos ten\u00e9is. Somos m\u00e1s de 1.050 entidades sin \u00e1nimo de lucro que formamos parte del Club Apoyo y sin vuestra participaci\u00f3n este proyecto colaborativo no ser\u00eda posible. Gracias! Nos satisface mucho poder ofrecer cada vez m\u00e1s servicios para [&hellip;]\" \/>\n<meta property=\"og:url\" content=\"https:\/\/suport.fundesplai.org\/es\/gracias-por-vuestra-confianza-un-ano-mas-2\/\" \/>\n<meta property=\"og:site_name\" content=\"Suport Tercer Sector - Fundesplai\" \/>\n<meta property=\"article:publisher\" content=\"https:\/\/www.facebook.com\/Fundesplai\/\" \/>\n<meta property=\"article:modified_time\" content=\"2024-01-19T12:57:49+00:00\" \/>\n<meta property=\"og:image\" content=\"https:\/\/suport.fundesplai.org\/wp-content\/uploads\/2023\/01\/suport-tarifes-scaled.jpg\" \/>\n\t<meta property=\"og:image:width\" content=\"2560\" \/>\n\t<meta property=\"og:image:height\" content=\"999\" \/>\n\t<meta property=\"og:image:type\" content=\"image\/jpeg\" \/>\n<meta name=\"twitter:card\" content=\"summary_large_image\" \/>\n<meta name=\"twitter:site\" content=\"@suport_org\" \/>\n<meta name=\"twitter:label1\" content=\"Tiempo de lectura\" \/>\n\t<meta name=\"twitter:data1\" content=\"3 minutos\" \/>\n<script type=\"application\/ld+json\" class=\"yoast-schema-graph\">{\"@context\":\"https:\\\/\\\/schema.org\",\"@graph\":[{\"@type\":\"WebPage\",\"@id\":\"https:\\\/\\\/suport.fundesplai.org\\\/es\\\/gracias-por-vuestra-confianza-un-ano-mas-2\\\/\",\"url\":\"https:\\\/\\\/suport.fundesplai.org\\\/es\\\/gracias-por-vuestra-confianza-un-ano-mas-2\\\/\",\"name\":\"\u00a1Gracias por vuestra confianza un a\u00f1o m\u00e1s! - Suport Tercer Sector - Fundesplai\",\"isPartOf\":{\"@id\":\"https:\\\/\\\/suport.fundesplai.org\\\/es\\\/#website\"},\"primaryImageOfPage\":{\"@id\":\"https:\\\/\\\/suport.fundesplai.org\\\/es\\\/gracias-por-vuestra-confianza-un-ano-mas-2\\\/#primaryimage\"},\"image\":{\"@id\":\"https:\\\/\\\/suport.fundesplai.org\\\/es\\\/gracias-por-vuestra-confianza-un-ano-mas-2\\\/#primaryimage\"},\"thumbnailUrl\":\"https:\\\/\\\/suport.fundesplai.org\\\/wp-content\\\/uploads\\\/2023\\\/01\\\/suport-tarifes-scaled.jpg\",\"datePublished\":\"2024-01-19T12:55:22+00:00\",\"dateModified\":\"2024-01-19T12:57:49+00:00\",\"breadcrumb\":{\"@id\":\"https:\\\/\\\/suport.fundesplai.org\\\/es\\\/gracias-por-vuestra-confianza-un-ano-mas-2\\\/#breadcrumb\"},\"inLanguage\":\"es\",\"potentialAction\":[{\"@type\":\"ReadAction\",\"target\":[\"https:\\\/\\\/suport.fundesplai.org\\\/es\\\/gracias-por-vuestra-confianza-un-ano-mas-2\\\/\"]}]},{\"@type\":\"ImageObject\",\"inLanguage\":\"es\",\"@id\":\"https:\\\/\\\/suport.fundesplai.org\\\/es\\\/gracias-por-vuestra-confianza-un-ano-mas-2\\\/#primaryimage\",\"url\":\"https:\\\/\\\/suport.fundesplai.org\\\/wp-content\\\/uploads\\\/2023\\\/01\\\/suport-tarifes-scaled.jpg\",\"contentUrl\":\"https:\\\/\\\/suport.fundesplai.org\\\/wp-content\\\/uploads\\\/2023\\\/01\\\/suport-tarifes-scaled.jpg\",\"width\":2560,\"height\":999},{\"@type\":\"BreadcrumbList\",\"@id\":\"https:\\\/\\\/suport.fundesplai.org\\\/es\\\/gracias-por-vuestra-confianza-un-ano-mas-2\\\/#breadcrumb\",\"itemListElement\":[{\"@type\":\"ListItem\",\"position\":1,\"name\":\"Inici\",\"item\":\"https:\\\/\\\/suport.fundesplai.org\\\/es\\\/\"},{\"@type\":\"ListItem\",\"position\":2,\"name\":\"\u00a1Gracias por vuestra confianza un a\u00f1o m\u00e1s!\"}]},{\"@type\":\"WebSite\",\"@id\":\"https:\\\/\\\/suport.fundesplai.org\\\/es\\\/#website\",\"url\":\"https:\\\/\\\/suport.fundesplai.org\\\/es\\\/\",\"name\":\"Suport Tercer Sector - Fundesplai\",\"description\":\"Gesti\u00f3n de asociaciones y fundaciones\",\"publisher\":{\"@id\":\"https:\\\/\\\/suport.fundesplai.org\\\/es\\\/#organization\"},\"potentialAction\":[{\"@type\":\"SearchAction\",\"target\":{\"@type\":\"EntryPoint\",\"urlTemplate\":\"https:\\\/\\\/suport.fundesplai.org\\\/es\\\/?s={search_term_string}\"},\"query-input\":{\"@type\":\"PropertyValueSpecification\",\"valueRequired\":true,\"valueName\":\"search_term_string\"}}],\"inLanguage\":\"es\"},{\"@type\":\"Organization\",\"@id\":\"https:\\\/\\\/suport.fundesplai.org\\\/es\\\/#organization\",\"name\":\"Suport Tercer Sector de Fundesplai per entitats i associacions\",\"url\":\"https:\\\/\\\/suport.fundesplai.org\\\/es\\\/\",\"logo\":{\"@type\":\"ImageObject\",\"inLanguage\":\"es\",\"@id\":\"https:\\\/\\\/suport.fundesplai.org\\\/es\\\/#\\\/schema\\\/logo\\\/image\\\/\",\"url\":\"https:\\\/\\\/suport.fundesplai.org\\\/wp-content\\\/uploads\\\/2019\\\/08\\\/lgo-suport-tercer-sector-fe-2.png\",\"contentUrl\":\"https:\\\/\\\/suport.fundesplai.org\\\/wp-content\\\/uploads\\\/2019\\\/08\\\/lgo-suport-tercer-sector-fe-2.png\",\"width\":300,\"height\":141,\"caption\":\"Suport Tercer Sector de Fundesplai per entitats i associacions\"},\"image\":{\"@id\":\"https:\\\/\\\/suport.fundesplai.org\\\/es\\\/#\\\/schema\\\/logo\\\/image\\\/\"},\"sameAs\":[\"https:\\\/\\\/www.facebook.com\\\/Fundesplai\\\/\",\"https:\\\/\\\/x.com\\\/suport_org\",\"https:\\\/\\\/www.instagram.com\\\/fundesplai\\\/\",\"https:\\\/\\\/www.linkedin.com\\\/company\\\/fundesplai\",\"https:\\\/\\\/www.youtube.com\\\/channel\\\/UCGaevIfQeecUHeWq1m-WLYw\",\"https:\\\/\\\/ca.wikipedia.org\\\/wiki\\\/Fundaci\u00f3_Catalana_de_l'Esplai\"]}]}<\/script>\n<!-- \/ Yoast SEO plugin. -->","yoast_head_json":{"title":"\u00a1Gracias por vuestra confianza un a\u00f1o m\u00e1s! - Suport Tercer Sector - Fundesplai","robots":{"index":"index","follow":"follow","max-snippet":"max-snippet:-1","max-image-preview":"max-image-preview:large","max-video-preview":"max-video-preview:-1"},"canonical":"https:\/\/suport.fundesplai.org\/es\/gracias-por-vuestra-confianza-un-ano-mas-2\/","og_locale":"es_ES","og_type":"article","og_title":"\u00a1Gracias por vuestra confianza un a\u00f1o m\u00e1s! - Suport Tercer Sector - Fundesplai","og_description":"Todas las personas que trabajamos a Suport Tercer Sector os queremos agradecer la confianza que muchas entidades nos ten\u00e9is. Somos m\u00e1s de 1.050 entidades sin \u00e1nimo de lucro que formamos parte del Club Apoyo y sin vuestra participaci\u00f3n este proyecto colaborativo no ser\u00eda posible. Gracias! Nos satisface mucho poder ofrecer cada vez m\u00e1s servicios para [&hellip;]","og_url":"https:\/\/suport.fundesplai.org\/es\/gracias-por-vuestra-confianza-un-ano-mas-2\/","og_site_name":"Suport Tercer Sector - Fundesplai","article_publisher":"https:\/\/www.facebook.com\/Fundesplai\/","article_modified_time":"2024-01-19T12:57:49+00:00","og_image":[{"width":2560,"height":999,"url":"https:\/\/suport.fundesplai.org\/wp-content\/uploads\/2023\/01\/suport-tarifes-scaled.jpg","type":"image\/jpeg"}],"twitter_card":"summary_large_image","twitter_site":"@suport_org","twitter_misc":{"Tiempo de lectura":"3 minutos"},"schema":{"@context":"https:\/\/schema.org","@graph":[{"@type":"WebPage","@id":"https:\/\/suport.fundesplai.org\/es\/gracias-por-vuestra-confianza-un-ano-mas-2\/","url":"https:\/\/suport.fundesplai.org\/es\/gracias-por-vuestra-confianza-un-ano-mas-2\/","name":"\u00a1Gracias por vuestra confianza un a\u00f1o m\u00e1s! - Suport Tercer Sector - Fundesplai","isPartOf":{"@id":"https:\/\/suport.fundesplai.org\/es\/#website"},"primaryImageOfPage":{"@id":"https:\/\/suport.fundesplai.org\/es\/gracias-por-vuestra-confianza-un-ano-mas-2\/#primaryimage"},"image":{"@id":"https:\/\/suport.fundesplai.org\/es\/gracias-por-vuestra-confianza-un-ano-mas-2\/#primaryimage"},"thumbnailUrl":"https:\/\/suport.fundesplai.org\/wp-content\/uploads\/2023\/01\/suport-tarifes-scaled.jpg","datePublished":"2024-01-19T12:55:22+00:00","dateModified":"2024-01-19T12:57:49+00:00","breadcrumb":{"@id":"https:\/\/suport.fundesplai.org\/es\/gracias-por-vuestra-confianza-un-ano-mas-2\/#breadcrumb"},"inLanguage":"es","potentialAction":[{"@type":"ReadAction","target":["https:\/\/suport.fundesplai.org\/es\/gracias-por-vuestra-confianza-un-ano-mas-2\/"]}]},{"@type":"ImageObject","inLanguage":"es","@id":"https:\/\/suport.fundesplai.org\/es\/gracias-por-vuestra-confianza-un-ano-mas-2\/#primaryimage","url":"https:\/\/suport.fundesplai.org\/wp-content\/uploads\/2023\/01\/suport-tarifes-scaled.jpg","contentUrl":"https:\/\/suport.fundesplai.org\/wp-content\/uploads\/2023\/01\/suport-tarifes-scaled.jpg","width":2560,"height":999},{"@type":"BreadcrumbList","@id":"https:\/\/suport.fundesplai.org\/es\/gracias-por-vuestra-confianza-un-ano-mas-2\/#breadcrumb","itemListElement":[{"@type":"ListItem","position":1,"name":"Inici","item":"https:\/\/suport.fundesplai.org\/es\/"},{"@type":"ListItem","position":2,"name":"\u00a1Gracias por vuestra confianza un a\u00f1o m\u00e1s!"}]},{"@type":"WebSite","@id":"https:\/\/suport.fundesplai.org\/es\/#website","url":"https:\/\/suport.fundesplai.org\/es\/","name":"Suport Tercer Sector - Fundesplai","description":"Gesti\u00f3n de asociaciones y fundaciones","publisher":{"@id":"https:\/\/suport.fundesplai.org\/es\/#organization"},"potentialAction":[{"@type":"SearchAction","target":{"@type":"EntryPoint","urlTemplate":"https:\/\/suport.fundesplai.org\/es\/?s={search_term_string}"},"query-input":{"@type":"PropertyValueSpecification","valueRequired":true,"valueName":"search_term_string"}}],"inLanguage":"es"},{"@type":"Organization","@id":"https:\/\/suport.fundesplai.org\/es\/#organization","name":"Suport Tercer Sector de Fundesplai per entitats i associacions","url":"https:\/\/suport.fundesplai.org\/es\/","logo":{"@type":"ImageObject","inLanguage":"es","@id":"https:\/\/suport.fundesplai.org\/es\/#\/schema\/logo\/image\/","url":"https:\/\/suport.fundesplai.org\/wp-content\/uploads\/2019\/08\/lgo-suport-tercer-sector-fe-2.png","contentUrl":"https:\/\/suport.fundesplai.org\/wp-content\/uploads\/2019\/08\/lgo-suport-tercer-sector-fe-2.png","width":300,"height":141,"caption":"Suport Tercer Sector de Fundesplai per entitats i associacions"},"image":{"@id":"https:\/\/suport.fundesplai.org\/es\/#\/schema\/logo\/image\/"},"sameAs":["https:\/\/www.facebook.com\/Fundesplai\/","https:\/\/x.com\/suport_org","https:\/\/www.instagram.com\/fundesplai\/","https:\/\/www.linkedin.com\/company\/fundesplai","https:\/\/www.youtube.com\/channel\/UCGaevIfQeecUHeWq1m-WLYw","https:\/\/ca.wikipedia.org\/wiki\/Fundaci\u00f3_Catalana_de_l'Esplai"]}]}},"_links":{"self":[{"href":"https:\/\/suport.fundesplai.org\/es\/wp-json\/wp\/v2\/pages\/24850","targetHints":{"allow":["GET"]}}],"collection":[{"href":"https:\/\/suport.fundesplai.org\/es\/wp-json\/wp\/v2\/pages"}],"about":[{"href":"https:\/\/suport.fundesplai.org\/es\/wp-json\/wp\/v2\/types\/page"}],"author":[{"embeddable":true,"href":"https:\/\/suport.fundesplai.org\/es\/wp-json\/wp\/v2\/users\/360"}],"replies":[{"embeddable":true,"href":"https:\/\/suport.fundesplai.org\/es\/wp-json\/wp\/v2\/comments?post=24850"}],"version-history":[{"count":2,"href":"https:\/\/suport.fundesplai.org\/es\/wp-json\/wp\/v2\/pages\/24850\/revisions"}],"predecessor-version":[{"id":24857,"href":"https:\/\/suport.fundesplai.org\/es\/wp-json\/wp\/v2\/pages\/24850\/revisions\/24857"}],"wp:featuredmedia":[{"embeddable":true,"href":"https:\/\/suport.fundesplai.org\/es\/wp-json\/wp\/v2\/media\/20842"}],"wp:attachment":[{"href":"https:\/\/suport.fundesplai.org\/es\/wp-json\/wp\/v2\/media?parent=24850"}],"curies":[{"name":"wp","href":"https:\/\/api.w.org\/{rel}","templated":true}]}}