{"id":7068,"date":"2019-05-08T11:34:52","date_gmt":"2019-05-08T10:34:52","guid":{"rendered":"https:\/\/suport.fundesplai.org\/conoce\/"},"modified":"2019-10-08T10:51:49","modified_gmt":"2019-10-08T09:51:49","slug":"conoce","status":"publish","type":"page","link":"https:\/\/suport.fundesplai.org\/es\/conoce\/","title":{"rendered":"Conoce"},"content":{"rendered":"<p>[et_pb_section fb_built=\u00bb1&#8243; _builder_version=\u00bb3.22&#8243; fb_built=\u00bb1&#8243; bb_built=\u00bb1&#8243; _i=\u00bb0&#8243; _address=\u00bb0&#8243;][et_pb_row _builder_version=\u00bb3.25&#8243; background_size=\u00bbinitial\u00bb background_position=\u00bbtop_left\u00bb background_repeat=\u00bbrepeat\u00bb _i=\u00bb0&#8243; _address=\u00bb0.0&#8243;][et_pb_column type=\u00bb4_4&#8243; _builder_version=\u00bb3.25&#8243; custom_padding=\u00bb|||\u00bb _i=\u00bb0&#8243; _address=\u00bb0.0.0&#8243; custom_padding__hover=\u00bb|||\u00bb][et_pb_post_title meta=\u00bboff\u00bb featured_image=\u00bboff\u00bb admin_label=\u00bbT\u00edtol p\u00e0gina\u00bb _builder_version=\u00bb3.0.102&#8243; _i=\u00bb0&#8243; _address=\u00bb0.0.0.0&#8243;][\/et_pb_post_title][\/et_pb_column][\/et_pb_row][et_pb_row module_class=\u00bb et_pb_row_fullwidth\u00bb _builder_version=\u00bb3.25&#8243; width=\u00bb100%\u00bb width_tablet=\u00bb100%\u00bb width_last_edited=\u00bbon|desktop\u00bb max_width=\u00bb100%\u00bb max_width_tablet=\u00bb100%\u00bb max_width_last_edited=\u00bbon|desktop\u00bb make_fullwidth=\u00bbon\u00bb _i=\u00bb1&#8243; _address=\u00bb0.1&#8243;][et_pb_column type=\u00bb4_4&#8243; _builder_version=\u00bb3.25&#8243; custom_padding=\u00bb|||\u00bb _i=\u00bb0&#8243; _address=\u00bb0.1.0&#8243; custom_padding__hover=\u00bb|||\u00bb][et_pb_code _builder_version=\u00bb3.29.3&#8243; z_index_tablet=\u00bb500&#8243; _i=\u00bb0&#8243; _address=\u00bb0.1.0.0&#8243;]<div class='graella-distribuidora'>\n\t\t\t\t<a class='graella-distribuidora-item' href='https:\/\/suport.fundesplai.org\/es\/conoce\/que-es-suport-tercer-sector\/'>\n\t\t\t\t\t<img class='graella-distribuidora-thumbnail' src='https:\/\/suport.fundesplai.org\/wp-content\/uploads\/2019\/10\/logopinya-400x400.png' \/>\n\t\t\t\t\t<h3 class='graella-distribuidora-title'>\n\t\t\t\t\t\tQu\u00e9 es Suport Tercer Sector\n\t\t\t\t\t<\/h3>\n\t\t\t\t\t<span class='graella-distribuidora-boto'><i class='fas fa-plus'><\/i><\/span>\n\t\t\t\t<\/a>\n\t\t\t\n\t\t\t\t<a class='graella-distribuidora-item' href='https:\/\/suport.fundesplai.org\/es\/conoce\/el-nostre-objectiu\/'>\n\t\t\t\t\t<img class='graella-distribuidora-thumbnail' src='https:\/\/suport.fundesplai.org\/wp-content\/uploads\/2019\/05\/femcreixer_ClubSuport-400x400.jpg' \/>\n\t\t\t\t\t<h3 class='graella-distribuidora-title'>\n\t\t\t\t\t\tNuestro objetivo\n\t\t\t\t\t<\/h3>\n\t\t\t\t\t<span class='graella-distribuidora-boto'><i class='fas fa-plus'><\/i><\/span>\n\t\t\t\t<\/a>\n\t\t\t\n\t\t\t\t<a class='graella-distribuidora-item' href='https:\/\/suport.fundesplai.org\/es\/conoce\/nuestro-equipo\/'>\n\t\t\t\t\t<img class='graella-distribuidora-thumbnail' src='https:\/\/cdn.fundesplai.org\/plantilla\/img\/no-thumb.png' \/>\n\t\t\t\t\t<h3 class='graella-distribuidora-title'>\n\t\t\t\t\t\tNuestro equipo\n\t\t\t\t\t<\/h3>\n\t\t\t\t\t<span class='graella-distribuidora-boto'><i class='fas fa-plus'><\/i><\/span>\n\t\t\t\t<\/a>\n\t\t\t\n\t\t\t\t<a class='graella-distribuidora-item' href='https:\/\/suport.fundesplai.org\/es\/conoce\/a-quien-nos-dirigimos\/'>\n\t\t\t\t\t<img class='graella-distribuidora-thumbnail' src='https:\/\/suport.fundesplai.org\/wp-content\/uploads\/2019\/04\/A-qui-ens-adrecem-400x400.jpg' \/>\n\t\t\t\t\t<h3 class='graella-distribuidora-title'>\n\t\t\t\t\t\tA qui\u00e9n nos dirigimos\n\t\t\t\t\t<\/h3>\n\t\t\t\t\t<span class='graella-distribuidora-boto'><i class='fas fa-plus'><\/i><\/span>\n\t\t\t\t<\/a>\n\t\t\t<\/div>[\/et_pb_code][\/et_pb_column][\/et_pb_row][\/et_pb_section][et_pb_section fb_built=\u00bb1&#8243; module_id=\u00bbbutlleti\u00bb module_class=\u00bbseccio-segueix-nos\u00bb _builder_version=\u00bb3.22&#8243; custom_margin=\u00bb50px||50px|\u00bb global_module=\u00bb416&#8243; fb_built=\u00bb1&#8243; bb_built=\u00bb1&#8243; _i=\u00bb1&#8243; _address=\u00bb1&#8243;][et_pb_row _builder_version=\u00bb3.25&#8243; background_size=\u00bbinitial\u00bb background_position=\u00bbtop_left\u00bb background_repeat=\u00bbrepeat\u00bb max_width=\u00bb1080px\u00bb _i=\u00bb0&#8243; _address=\u00bb1.0&#8243;][et_pb_column type=\u00bb4_4&#8243; _builder_version=\u00bb3.25&#8243; custom_padding=\u00bb|||\u00bb custom_padding__hover=\u00bb|||\u00bb _i=\u00bb0&#8243; _address=\u00bb1.0.0&#8243;][et_pb_text admin_label=\u00bbSegueix-nos!\u00bb _builder_version=\u00bb3.27.4&#8243; text_orientation=\u00bbcenter\u00bb _i=\u00bb0&#8243; _address=\u00bb1.0.0.0&#8243;]<\/p>\n<h2>\u00a1S\u00edguenos!<\/h2>\n<p>[\/et_pb_text][et_pb_text admin_label=\u00bbFormulari subscripci\u00f3 ofertes\u00bb _builder_version=\u00bb3.27.4&#8243; text_orientation=\u00bbcenter\u00bb _i=\u00bb1&#8243; _address=\u00bb1.0.0.1&#8243;]<\/p>\n<p>Suscr\u00edbete ahora a nuestro bolet\u00edn<\/p>\n\n<p>[\/et_pb_text][et_pb_text admin_label=\u00bbSegueix-nos a les xarxes socials\u00bb _builder_version=\u00bb3.27.4&#8243; text_orientation=\u00bbcenter\u00bb _i=\u00bb2&#8243; _address=\u00bb1.0.0.2&#8243;]<\/p>\n<p>S\u00edguenos en las redes sociales<\/p>\n<p>[\/et_pb_text][et_pb_social_media_follow admin_label=\u00bbxarxes socials\u00bb _builder_version=\u00bb3.19.7&#8243; text_orientation=\u00bbcenter\u00bb border_radii=\u00bbon|30px|30px|30px|30px\u00bb _i=\u00bb3&#8243; _address=\u00bb1.0.0.3&#8243;][et_pb_social_media_follow_network social_network=\u00bbtwitter\u00bb url=\u00bbhttps:\/\/twitter.com\/suport_org\u00bb _builder_version=\u00bb3.19.7&#8243; background_color=\u00bb#00aced\u00bb follow_button=\u00bboff\u00bb url_new_window=\u00bbon\u00bb _i=\u00bb0&#8243; _address=\u00bb1.0.0.3.0&#8243;]<\/p>\n<p>Twitter<\/p>\n<p>[\/et_pb_social_media_follow_network][et_pb_social_media_follow_network social_network=\u00bbfacebook\u00bb url=\u00bbhttps:\/\/www.facebook.com\/Fundesplai\/\u00bb _builder_version=\u00bb3.19.7&#8243; background_color=\u00bb#3b5998&#8243; follow_button=\u00bboff\u00bb url_new_window=\u00bbon\u00bb _i=\u00bb1&#8243; _address=\u00bb1.0.0.3.1&#8243;]<\/p>\n<p>Facebook<\/p>\n<p>[\/et_pb_social_media_follow_network][et_pb_social_media_follow_network social_network=\u00bbinstagram\u00bb url=\u00bbhttps:\/\/www.instagram.com\/fundesplai\/\u00bb _builder_version=\u00bb3.19.7&#8243; background_color=\u00bb#517fa4&#8243; follow_button=\u00bboff\u00bb url_new_window=\u00bbon\u00bb _i=\u00bb2&#8243; _address=\u00bb1.0.0.3.2&#8243;]<\/p>\n<p>Instagram<\/p>\n<p>[\/et_pb_social_media_follow_network][\/et_pb_social_media_follow][\/et_pb_column][\/et_pb_row][\/et_pb_section][et_pb_section fb_built=\u00bb1&#8243; module_class=\u00bbseccio-som-fundesplai\u00bb _builder_version=\u00bb3.22.3&#8243; background_color=\u00bb#c3c3c2&#8243; global_module=\u00bb428&#8243; fb_built=\u00bb1&#8243; bb_built=\u00bb1&#8243; _i=\u00bb2&#8243; _address=\u00bb2&#8243;][et_pb_row column_structure=\u00bb1_3,2_3&#8243; make_equal=\u00bbon\u00bb _builder_version=\u00bb3.25&#8243; _i=\u00bb0&#8243; _address=\u00bb2.0&#8243;][et_pb_column type=\u00bb1_3&#8243; _builder_version=\u00bb3.25&#8243; background_image=\u00bbhttp:\/\/suport.fundesplai.org\/wp-content\/uploads\/2018\/06\/ninots-1.png\u00bb background_size=\u00bbcontain\u00bb background_position=\u00bbbottom_left\u00bb custom_padding=\u00bb|||\u00bb custom_padding__hover=\u00bb|||\u00bb _i=\u00bb0&#8243; _address=\u00bb2.0.0&#8243;][\/et_pb_column][et_pb_column type=\u00bb2_3&#8243; _builder_version=\u00bb3.25&#8243; custom_padding=\u00bb50px||50px|50px\u00bb custom_padding__hover=\u00bb|||\u00bb _i=\u00bb1&#8243; _address=\u00bb2.0.1&#8243;][et_pb_text admin_label=\u00bbSom Fundesplai\u00bb _builder_version=\u00bb3.27.4&#8243; custom_margin=\u00bb||20px|\u00bb _i=\u00bb0&#8243; _address=\u00bb2.0.1.0&#8243;]<\/p>\n<h2>Somos Fundesplai<\/h2>\n<p><strong>Somos una entidad sin \u00e1nimo de lucro<\/strong> que trabaja desde hace m\u00e1s de 45 a\u00f1os a favor de la educaci\u00f3n y la felicidad de los ni\u00f1os y las ni\u00f1as, la equidad, la inclusi\u00f3n social, la protecci\u00f3n de la naturaleza y el desarrollo del Tercer Sector.<\/p>\n<p>Suport Tercer Sector es el departamento de Fundesplai dedicado a fortalecer las entidades del Tercer Sector.<\/p>\n<p>[\/et_pb_text][et_pb_button button_url=\u00bbhttps:\/\/fundesplai.org\/coneix-fundesplai\/\u00bb url_new_window=\u00bbon\u00bb button_text=\u00bbConoce Fundesplai\u00bb admin_label=\u00bbBot\u00f3 Coneix Fundesplai\u00bb module_id=\u00bbfix-icona\u00bb _builder_version=\u00bb3.19.17&#8243; custom_button=\u00bbon\u00bb button_text_color=\u00bb#ffffff\u00bb button_bg_color=\u00bb#666666&#8243; button_icon=\u00bb%%20%%\u00bb button_text_size__hover_enabled=\u00bboff\u00bb button_text_size__hover=\u00bbnull\u00bb button_one_text_size__hover_enabled=\u00bboff\u00bb button_one_text_size__hover=\u00bbnull\u00bb button_two_text_size__hover_enabled=\u00bboff\u00bb button_two_text_size__hover=\u00bbnull\u00bb button_text_color__hover_enabled=\u00bboff\u00bb button_text_color__hover=\u00bbnull\u00bb button_one_text_color__hover_enabled=\u00bboff\u00bb button_one_text_color__hover=\u00bbnull\u00bb button_two_text_color__hover_enabled=\u00bboff\u00bb button_two_text_color__hover=\u00bbnull\u00bb button_border_width__hover_enabled=\u00bboff\u00bb button_border_width__hover=\u00bbnull\u00bb button_one_border_width__hover_enabled=\u00bboff\u00bb button_one_border_width__hover=\u00bbnull\u00bb button_two_border_width__hover_enabled=\u00bboff\u00bb button_two_border_width__hover=\u00bbnull\u00bb button_border_color__hover_enabled=\u00bboff\u00bb button_border_color__hover=\u00bbnull\u00bb button_one_border_color__hover_enabled=\u00bboff\u00bb button_one_border_color__hover=\u00bbnull\u00bb button_two_border_color__hover_enabled=\u00bboff\u00bb button_two_border_color__hover=\u00bbnull\u00bb button_border_radius__hover_enabled=\u00bboff\u00bb button_border_radius__hover=\u00bbnull\u00bb button_one_border_radius__hover_enabled=\u00bboff\u00bb button_one_border_radius__hover=\u00bbnull\u00bb button_two_border_radius__hover_enabled=\u00bboff\u00bb button_two_border_radius__hover=\u00bbnull\u00bb button_letter_spacing__hover_enabled=\u00bboff\u00bb button_letter_spacing__hover=\u00bbnull\u00bb button_one_letter_spacing__hover_enabled=\u00bboff\u00bb button_one_letter_spacing__hover=\u00bbnull\u00bb button_two_letter_spacing__hover_enabled=\u00bboff\u00bb button_two_letter_spacing__hover=\u00bbnull\u00bb button_bg_color__hover_enabled=\u00bbon\u00bb button_bg_color__hover=\u00bb#666666&#8243; button_one_bg_color__hover_enabled=\u00bboff\u00bb button_one_bg_color__hover=\u00bbnull\u00bb button_two_bg_color__hover_enabled=\u00bboff\u00bb button_two_bg_color__hover=\u00bbnull\u00bb _i=\u00bb1&#8243; _address=\u00bb2.0.1.1&#8243;][\/et_pb_button][\/et_pb_column][\/et_pb_row][\/et_pb_section]<\/p>\n","protected":false},"excerpt":{"rendered":"<p><div class='graella-distribuidora'>\n\t\t\t\t<a class='graella-distribuidora-item' href='https:\/\/suport.fundesplai.org\/es\/conoce\/que-es-suport-tercer-sector\/'>\n\t\t\t\t\t<img class='graella-distribuidora-thumbnail' src='https:\/\/suport.fundesplai.org\/wp-content\/uploads\/2019\/10\/logopinya-400x400.png' \/>\n\t\t\t\t\t<h3 class='graella-distribuidora-title'>\n\t\t\t\t\t\tQu\u00e9 es Suport Tercer Sector\n\t\t\t\t\t<\/h3>\n\t\t\t\t\t<span class='graella-distribuidora-boto'><i class='fas fa-plus'><\/i><\/span>\n\t\t\t\t<\/a>\n\t\t\t\n\t\t\t\t<a class='graella-distribuidora-item' href='https:\/\/suport.fundesplai.org\/es\/conoce\/el-nostre-objectiu\/'>\n\t\t\t\t\t<img class='graella-distribuidora-thumbnail' src='https:\/\/suport.fundesplai.org\/wp-content\/uploads\/2019\/05\/femcreixer_ClubSuport-400x400.jpg' \/>\n\t\t\t\t\t<h3 class='graella-distribuidora-title'>\n\t\t\t\t\t\tNuestro objetivo\n\t\t\t\t\t<\/h3>\n\t\t\t\t\t<span class='graella-distribuidora-boto'><i class='fas fa-plus'><\/i><\/span>\n\t\t\t\t<\/a>\n\t\t\t\n\t\t\t\t<a class='graella-distribuidora-item' href='https:\/\/suport.fundesplai.org\/es\/conoce\/nuestro-equipo\/'>\n\t\t\t\t\t<img class='graella-distribuidora-thumbnail' src='https:\/\/cdn.fundesplai.org\/plantilla\/img\/no-thumb.png' \/>\n\t\t\t\t\t<h3 class='graella-distribuidora-title'>\n\t\t\t\t\t\tNuestro equipo\n\t\t\t\t\t<\/h3>\n\t\t\t\t\t<span class='graella-distribuidora-boto'><i class='fas fa-plus'><\/i><\/span>\n\t\t\t\t<\/a>\n\t\t\t\n\t\t\t\t<a class='graella-distribuidora-item' href='https:\/\/suport.fundesplai.org\/es\/conoce\/a-quien-nos-dirigimos\/'>\n\t\t\t\t\t<img class='graella-distribuidora-thumbnail' src='https:\/\/suport.fundesplai.org\/wp-content\/uploads\/2019\/04\/A-qui-ens-adrecem-400x400.jpg' \/>\n\t\t\t\t\t<h3 class='graella-distribuidora-title'>\n\t\t\t\t\t\tA qui\u00e9n nos dirigimos\n\t\t\t\t\t<\/h3>\n\t\t\t\t\t<span class='graella-distribuidora-boto'><i class='fas fa-plus'><\/i><\/span>\n\t\t\t\t<\/a>\n\t\t\t<\/div>\u00a1S\u00edguenos!Suscr\u00edbete ahora a nuestro bolet\u00edn S\u00edguenos en las redes socialesSomos Fundesplai Somos una entidad sin \u00e1nimo de lucro que trabaja desde hace m\u00e1s de 45 a\u00f1os a favor de la educaci\u00f3n y la felicidad de los ni\u00f1os y las ni\u00f1as, la equidad, la inclusi\u00f3n social, la protecci\u00f3n de la naturaleza y [&hellip;]<\/p>\n","protected":false},"author":1,"featured_media":31314,"parent":0,"menu_order":0,"comment_status":"closed","ping_status":"closed","template":"","meta":{"_et_pb_use_builder":"on","_et_pb_old_content":"","_et_gb_content_width":"","footnotes":""},"class_list":["post-7068","page","type-page","status-publish","has-post-thumbnail","hentry"],"yoast_head":"<!-- This site is optimized with the Yoast SEO plugin v27.3 - https:\/\/yoast.com\/product\/yoast-seo-wordpress\/ -->\n<title>T\u00edtol - Suport Tercer Sector - Fundesplai<\/title>\n<meta name=\"description\" content=\"Som el departament de Fundesplai dedicat a l&#039;assessorament i acompanyament d&#039;associacions i fundacions. Enfortim el tercer sector.\" \/>\n<meta name=\"robots\" content=\"index, follow, max-snippet:-1, max-image-preview:large, max-video-preview:-1\" \/>\n<link rel=\"canonical\" href=\"https:\/\/suport.fundesplai.org\/es\/conoce\/\" \/>\n<meta property=\"og:locale\" content=\"es_ES\" \/>\n<meta property=\"og:type\" content=\"article\" \/>\n<meta property=\"og:title\" content=\"T\u00edtol - Suport Tercer Sector - Fundesplai\" \/>\n<meta property=\"og:description\" content=\"Som el departament de Fundesplai dedicat a l&#039;assessorament i acompanyament d&#039;associacions i fundacions. Enfortim el tercer sector.\" \/>\n<meta property=\"og:url\" content=\"https:\/\/suport.fundesplai.org\/es\/conoce\/\" \/>\n<meta property=\"og:site_name\" content=\"Suport Tercer Sector - Fundesplai\" \/>\n<meta property=\"article:publisher\" content=\"https:\/\/www.facebook.com\/Fundesplai\/\" \/>\n<meta property=\"article:modified_time\" content=\"2019-10-08T09:51:49+00:00\" \/>\n<meta name=\"twitter:card\" content=\"summary_large_image\" \/>\n<meta name=\"twitter:site\" content=\"@suport_org\" \/>\n<meta name=\"twitter:label1\" content=\"Tiempo de lectura\" \/>\n\t<meta name=\"twitter:data1\" content=\"5 minutos\" \/>\n<script type=\"application\/ld+json\" class=\"yoast-schema-graph\">{\"@context\":\"https:\\\/\\\/schema.org\",\"@graph\":[{\"@type\":\"WebPage\",\"@id\":\"https:\\\/\\\/suport.fundesplai.org\\\/es\\\/conoce\\\/\",\"url\":\"https:\\\/\\\/suport.fundesplai.org\\\/es\\\/conoce\\\/\",\"name\":\"T\u00edtol - Suport Tercer Sector - Fundesplai\",\"isPartOf\":{\"@id\":\"https:\\\/\\\/suport.fundesplai.org\\\/es\\\/#website\"},\"primaryImageOfPage\":{\"@id\":\"https:\\\/\\\/suport.fundesplai.org\\\/es\\\/conoce\\\/#primaryimage\"},\"image\":{\"@id\":\"https:\\\/\\\/suport.fundesplai.org\\\/es\\\/conoce\\\/#primaryimage\"},\"thumbnailUrl\":\"https:\\\/\\\/suport.fundesplai.org\\\/wp-content\\\/uploads\\\/2025\\\/03\\\/Suport_Tercer_Sector.jpg\",\"datePublished\":\"2019-05-08T10:34:52+00:00\",\"dateModified\":\"2019-10-08T09:51:49+00:00\",\"description\":\"Som el departament de Fundesplai dedicat a l'assessorament i acompanyament d'associacions i fundacions. Enfortim el tercer sector.\",\"breadcrumb\":{\"@id\":\"https:\\\/\\\/suport.fundesplai.org\\\/es\\\/conoce\\\/#breadcrumb\"},\"inLanguage\":\"es\",\"potentialAction\":[{\"@type\":\"ReadAction\",\"target\":[\"https:\\\/\\\/suport.fundesplai.org\\\/es\\\/conoce\\\/\"]}]},{\"@type\":\"ImageObject\",\"inLanguage\":\"es\",\"@id\":\"https:\\\/\\\/suport.fundesplai.org\\\/es\\\/conoce\\\/#primaryimage\",\"url\":\"https:\\\/\\\/suport.fundesplai.org\\\/wp-content\\\/uploads\\\/2025\\\/03\\\/Suport_Tercer_Sector.jpg\",\"contentUrl\":\"https:\\\/\\\/suport.fundesplai.org\\\/wp-content\\\/uploads\\\/2025\\\/03\\\/Suport_Tercer_Sector.jpg\",\"width\":1888,\"height\":900,\"caption\":\"Coneix_Suport_Tercer_Sector\"},{\"@type\":\"BreadcrumbList\",\"@id\":\"https:\\\/\\\/suport.fundesplai.org\\\/es\\\/conoce\\\/#breadcrumb\",\"itemListElement\":[{\"@type\":\"ListItem\",\"position\":1,\"name\":\"Inici\",\"item\":\"https:\\\/\\\/suport.fundesplai.org\\\/es\\\/\"},{\"@type\":\"ListItem\",\"position\":2,\"name\":\"Conoce\"}]},{\"@type\":\"WebSite\",\"@id\":\"https:\\\/\\\/suport.fundesplai.org\\\/es\\\/#website\",\"url\":\"https:\\\/\\\/suport.fundesplai.org\\\/es\\\/\",\"name\":\"Suport Tercer Sector - Fundesplai\",\"description\":\"Gesti\u00f3n de asociaciones y fundaciones\",\"publisher\":{\"@id\":\"https:\\\/\\\/suport.fundesplai.org\\\/es\\\/#organization\"},\"potentialAction\":[{\"@type\":\"SearchAction\",\"target\":{\"@type\":\"EntryPoint\",\"urlTemplate\":\"https:\\\/\\\/suport.fundesplai.org\\\/es\\\/?s={search_term_string}\"},\"query-input\":{\"@type\":\"PropertyValueSpecification\",\"valueRequired\":true,\"valueName\":\"search_term_string\"}}],\"inLanguage\":\"es\"},{\"@type\":\"Organization\",\"@id\":\"https:\\\/\\\/suport.fundesplai.org\\\/es\\\/#organization\",\"name\":\"Suport Tercer Sector de Fundesplai per entitats i associacions\",\"url\":\"https:\\\/\\\/suport.fundesplai.org\\\/es\\\/\",\"logo\":{\"@type\":\"ImageObject\",\"inLanguage\":\"es\",\"@id\":\"https:\\\/\\\/suport.fundesplai.org\\\/es\\\/#\\\/schema\\\/logo\\\/image\\\/\",\"url\":\"https:\\\/\\\/suport.fundesplai.org\\\/wp-content\\\/uploads\\\/2019\\\/08\\\/lgo-suport-tercer-sector-fe-2.png\",\"contentUrl\":\"https:\\\/\\\/suport.fundesplai.org\\\/wp-content\\\/uploads\\\/2019\\\/08\\\/lgo-suport-tercer-sector-fe-2.png\",\"width\":300,\"height\":141,\"caption\":\"Suport Tercer Sector de Fundesplai per entitats i associacions\"},\"image\":{\"@id\":\"https:\\\/\\\/suport.fundesplai.org\\\/es\\\/#\\\/schema\\\/logo\\\/image\\\/\"},\"sameAs\":[\"https:\\\/\\\/www.facebook.com\\\/Fundesplai\\\/\",\"https:\\\/\\\/x.com\\\/suport_org\",\"https:\\\/\\\/www.instagram.com\\\/fundesplai\\\/\",\"https:\\\/\\\/www.linkedin.com\\\/company\\\/fundesplai\",\"https:\\\/\\\/www.youtube.com\\\/channel\\\/UCGaevIfQeecUHeWq1m-WLYw\",\"https:\\\/\\\/ca.wikipedia.org\\\/wiki\\\/Fundaci\u00f3_Catalana_de_l'Esplai\"]}]}<\/script>\n<!-- \/ Yoast SEO plugin. -->","yoast_head_json":{"title":"T\u00edtol - Suport Tercer Sector - Fundesplai","description":"Som el departament de Fundesplai dedicat a l'assessorament i acompanyament d'associacions i fundacions. Enfortim el tercer sector.","robots":{"index":"index","follow":"follow","max-snippet":"max-snippet:-1","max-image-preview":"max-image-preview:large","max-video-preview":"max-video-preview:-1"},"canonical":"https:\/\/suport.fundesplai.org\/es\/conoce\/","og_locale":"es_ES","og_type":"article","og_title":"T\u00edtol - Suport Tercer Sector - Fundesplai","og_description":"Som el departament de Fundesplai dedicat a l'assessorament i acompanyament d'associacions i fundacions. Enfortim el tercer sector.","og_url":"https:\/\/suport.fundesplai.org\/es\/conoce\/","og_site_name":"Suport Tercer Sector - Fundesplai","article_publisher":"https:\/\/www.facebook.com\/Fundesplai\/","article_modified_time":"2019-10-08T09:51:49+00:00","twitter_card":"summary_large_image","twitter_site":"@suport_org","twitter_misc":{"Tiempo de lectura":"5 minutos"},"schema":{"@context":"https:\/\/schema.org","@graph":[{"@type":"WebPage","@id":"https:\/\/suport.fundesplai.org\/es\/conoce\/","url":"https:\/\/suport.fundesplai.org\/es\/conoce\/","name":"T\u00edtol - Suport Tercer Sector - Fundesplai","isPartOf":{"@id":"https:\/\/suport.fundesplai.org\/es\/#website"},"primaryImageOfPage":{"@id":"https:\/\/suport.fundesplai.org\/es\/conoce\/#primaryimage"},"image":{"@id":"https:\/\/suport.fundesplai.org\/es\/conoce\/#primaryimage"},"thumbnailUrl":"https:\/\/suport.fundesplai.org\/wp-content\/uploads\/2025\/03\/Suport_Tercer_Sector.jpg","datePublished":"2019-05-08T10:34:52+00:00","dateModified":"2019-10-08T09:51:49+00:00","description":"Som el departament de Fundesplai dedicat a l'assessorament i acompanyament d'associacions i fundacions. Enfortim el tercer sector.","breadcrumb":{"@id":"https:\/\/suport.fundesplai.org\/es\/conoce\/#breadcrumb"},"inLanguage":"es","potentialAction":[{"@type":"ReadAction","target":["https:\/\/suport.fundesplai.org\/es\/conoce\/"]}]},{"@type":"ImageObject","inLanguage":"es","@id":"https:\/\/suport.fundesplai.org\/es\/conoce\/#primaryimage","url":"https:\/\/suport.fundesplai.org\/wp-content\/uploads\/2025\/03\/Suport_Tercer_Sector.jpg","contentUrl":"https:\/\/suport.fundesplai.org\/wp-content\/uploads\/2025\/03\/Suport_Tercer_Sector.jpg","width":1888,"height":900,"caption":"Coneix_Suport_Tercer_Sector"},{"@type":"BreadcrumbList","@id":"https:\/\/suport.fundesplai.org\/es\/conoce\/#breadcrumb","itemListElement":[{"@type":"ListItem","position":1,"name":"Inici","item":"https:\/\/suport.fundesplai.org\/es\/"},{"@type":"ListItem","position":2,"name":"Conoce"}]},{"@type":"WebSite","@id":"https:\/\/suport.fundesplai.org\/es\/#website","url":"https:\/\/suport.fundesplai.org\/es\/","name":"Suport Tercer Sector - Fundesplai","description":"Gesti\u00f3n de asociaciones y fundaciones","publisher":{"@id":"https:\/\/suport.fundesplai.org\/es\/#organization"},"potentialAction":[{"@type":"SearchAction","target":{"@type":"EntryPoint","urlTemplate":"https:\/\/suport.fundesplai.org\/es\/?s={search_term_string}"},"query-input":{"@type":"PropertyValueSpecification","valueRequired":true,"valueName":"search_term_string"}}],"inLanguage":"es"},{"@type":"Organization","@id":"https:\/\/suport.fundesplai.org\/es\/#organization","name":"Suport Tercer Sector de Fundesplai per entitats i associacions","url":"https:\/\/suport.fundesplai.org\/es\/","logo":{"@type":"ImageObject","inLanguage":"es","@id":"https:\/\/suport.fundesplai.org\/es\/#\/schema\/logo\/image\/","url":"https:\/\/suport.fundesplai.org\/wp-content\/uploads\/2019\/08\/lgo-suport-tercer-sector-fe-2.png","contentUrl":"https:\/\/suport.fundesplai.org\/wp-content\/uploads\/2019\/08\/lgo-suport-tercer-sector-fe-2.png","width":300,"height":141,"caption":"Suport Tercer Sector de Fundesplai per entitats i associacions"},"image":{"@id":"https:\/\/suport.fundesplai.org\/es\/#\/schema\/logo\/image\/"},"sameAs":["https:\/\/www.facebook.com\/Fundesplai\/","https:\/\/x.com\/suport_org","https:\/\/www.instagram.com\/fundesplai\/","https:\/\/www.linkedin.com\/company\/fundesplai","https:\/\/www.youtube.com\/channel\/UCGaevIfQeecUHeWq1m-WLYw","https:\/\/ca.wikipedia.org\/wiki\/Fundaci\u00f3_Catalana_de_l'Esplai"]}]}},"_links":{"self":[{"href":"https:\/\/suport.fundesplai.org\/es\/wp-json\/wp\/v2\/pages\/7068","targetHints":{"allow":["GET"]}}],"collection":[{"href":"https:\/\/suport.fundesplai.org\/es\/wp-json\/wp\/v2\/pages"}],"about":[{"href":"https:\/\/suport.fundesplai.org\/es\/wp-json\/wp\/v2\/types\/page"}],"author":[{"embeddable":true,"href":"https:\/\/suport.fundesplai.org\/es\/wp-json\/wp\/v2\/users\/1"}],"replies":[{"embeddable":true,"href":"https:\/\/suport.fundesplai.org\/es\/wp-json\/wp\/v2\/comments?post=7068"}],"version-history":[{"count":0,"href":"https:\/\/suport.fundesplai.org\/es\/wp-json\/wp\/v2\/pages\/7068\/revisions"}],"wp:featuredmedia":[{"embeddable":true,"href":"https:\/\/suport.fundesplai.org\/es\/wp-json\/wp\/v2\/media\/31314"}],"wp:attachment":[{"href":"https:\/\/suport.fundesplai.org\/es\/wp-json\/wp\/v2\/media?parent=7068"}],"curies":[{"name":"wp","href":"https:\/\/api.w.org\/{rel}","templated":true}]}}