{"id":7312,"date":"2019-05-21T10:51:39","date_gmt":"2019-05-21T09:51:39","guid":{"rendered":"https:\/\/suport.fundesplai.org\/recursos\/modelos-de-documentos\/"},"modified":"2020-07-26T19:25:28","modified_gmt":"2020-07-26T17:25:28","slug":"modelos-de-documentos","status":"publish","type":"page","link":"https:\/\/suport.fundesplai.org\/es\/recursos\/modelos-de-documentos\/","title":{"rendered":"Modelos de documentos"},"content":{"rendered":"<p>[et_pb_section fb_built=\u00bb1&#8243; fullwidth=\u00bbon\u00bb _builder_version=\u00bb3.22.3&#8243; custom_margin=\u00bb||50px|\u00bb][et_pb_fullwidth_slider show_pagination=\u00bboff\u00bb module_class=\u00bbslider-capcalera\u00bb _builder_version=\u00bb3.21.4&#8243; z_index_tablet=\u00bb500&#8243; button_text_size__hover_enabled=\u00bboff\u00bb button_text_size__hover=\u00bbnull\u00bb button_one_text_size__hover_enabled=\u00bboff\u00bb button_one_text_size__hover=\u00bbnull\u00bb button_two_text_size__hover_enabled=\u00bboff\u00bb button_two_text_size__hover=\u00bbnull\u00bb button_text_color__hover_enabled=\u00bboff\u00bb button_text_color__hover=\u00bbnull\u00bb button_one_text_color__hover_enabled=\u00bboff\u00bb button_one_text_color__hover=\u00bbnull\u00bb button_two_text_color__hover_enabled=\u00bboff\u00bb button_two_text_color__hover=\u00bbnull\u00bb button_border_width__hover_enabled=\u00bboff\u00bb button_border_width__hover=\u00bbnull\u00bb button_one_border_width__hover_enabled=\u00bboff\u00bb button_one_border_width__hover=\u00bbnull\u00bb button_two_border_width__hover_enabled=\u00bboff\u00bb button_two_border_width__hover=\u00bbnull\u00bb button_border_color__hover_enabled=\u00bboff\u00bb button_border_color__hover=\u00bbnull\u00bb button_one_border_color__hover_enabled=\u00bboff\u00bb button_one_border_color__hover=\u00bbnull\u00bb button_two_border_color__hover_enabled=\u00bboff\u00bb button_two_border_color__hover=\u00bbnull\u00bb button_border_radius__hover_enabled=\u00bboff\u00bb button_border_radius__hover=\u00bbnull\u00bb button_one_border_radius__hover_enabled=\u00bboff\u00bb button_one_border_radius__hover=\u00bbnull\u00bb button_two_border_radius__hover_enabled=\u00bboff\u00bb button_two_border_radius__hover=\u00bbnull\u00bb button_letter_spacing__hover_enabled=\u00bboff\u00bb button_letter_spacing__hover=\u00bbnull\u00bb button_one_letter_spacing__hover_enabled=\u00bboff\u00bb button_one_letter_spacing__hover=\u00bbnull\u00bb button_two_letter_spacing__hover_enabled=\u00bboff\u00bb button_two_letter_spacing__hover=\u00bbnull\u00bb button_bg_color__hover_enabled=\u00bboff\u00bb button_bg_color__hover=\u00bbnull\u00bb button_one_bg_color__hover_enabled=\u00bboff\u00bb button_one_bg_color__hover=\u00bbnull\u00bb button_two_bg_color__hover_enabled=\u00bboff\u00bb button_two_bg_color__hover=\u00bbnull\u00bb][et_pb_slide heading=\u00bbDesc\u00e1rgate nuestros modelos de fichas y formularios\u00bb use_bg_overlay=\u00bboff\u00bb use_text_overlay=\u00bboff\u00bb _builder_version=\u00bb3.21.4&#8243; background_image=\u00bbhttps:\/\/suport.fundesplai.org\/wp-content\/uploads\/2019\/04\/books-1845614_1280.jpg\u00bb button_on_hover=\u00bbon\u00bb][\/et_pb_slide][\/et_pb_fullwidth_slider][\/et_pb_section][et_pb_section fb_built=\u00bb1&#8243; module_class=\u00bbseccio-home-slider\u00bb _builder_version=\u00bb3.22.3&#8243; custom_margin=\u00bb30px|||\u00bb][et_pb_row custom_padding=\u00bb0px|0px|0|0px|false|false\u00bb custom_margin=\u00bb||50px|\u00bb _builder_version=\u00bb3.22.3&#8243;][et_pb_column type=\u00bb4_4&#8243; _builder_version=\u00bb3.0.47&#8243;][et_pb_text admin_label=\u00bbT\u00edtol Secci\u00f3\u00bb _builder_version=\u00bb3.21.4&#8243; z_index_tablet=\u00bb500&#8243;]<\/p>\n<h2 style=\"margin-bottom: 0\">Modelos de documentos<\/h2>\n<p>[\/et_pb_text][\/et_pb_column][\/et_pb_row][\/et_pb_section][et_pb_section fb_built=\u00bb1&#8243; _builder_version=\u00bb3.22.3&#8243;][et_pb_row custom_margin=\u00bb40px||40px|\u00bb _builder_version=\u00bb3.22.3&#8243;][et_pb_column type=\u00bb4_4&#8243; _builder_version=\u00bb3.0.47&#8243;][et_pb_text _builder_version=\u00bb3.21.4&#8243; z_index_tablet=\u00bb500&#8243;]El equipo de expertos y expertas de <strong>Suport Tercer Sector de Fundesplai<\/strong> trabajamos para ofrecer a tu entidad herramientas de calidad y recursos<strong> espec\u00edficos para asociaciones y fundaciones.<\/strong><\/p>\n<p>La gesti\u00f3n eficaz es esencial para el buen funcionamiento de las entidades, pero sabemos que muchas veces <strong>faltan t\u00e9cnicos y t\u00e9cnicas especialistas<\/strong> en gesti\u00f3n en el si de las organizaciones.<\/p>\n<p>Por esa raz\u00f3n ponemos a tu disposici\u00f3n un seguido de modelos de documentos que resultar\u00e1n \u00fatiles para tu entidad. Descarga el modelo de documento que necesites.<br \/>\n[\/et_pb_text][\/et_pb_column][\/et_pb_row][\/et_pb_section][et_pb_section fb_built=\u00bb1&#8243; module_class=\u00bbmodels-documents\u00bb _builder_version=\u00bb3.22.3&#8243; z_index_tablet=\u00bb500&#8243;][et_pb_row custom_margin=\u00bb40px||40px|\u00bb _builder_version=\u00bb3.22.3&#8243;][et_pb_column type=\u00bb4_4&#8243; _builder_version=\u00bb3.0.47&#8243;][et_pb_text _builder_version=\u00bb3.22.4&#8243; z_index_tablet=\u00bb500&#8243;]<a href=\"\/wp-content\/uploads\/2019\/04\/Convocat\u00f2ria-dassemblea-general.docx\" target=\"_blank\" rel=\"noopener noreferrer\">Convocatoria de asamblea general <i class=\"fal fa-file-word\"><\/i><\/a><br \/>\n<a href=\"https:\/\/suport.fundesplai.org\/wp-content\/uploads\/2019\/04\/DeclaracioRelacionsLab.docx\" target=\"_blank\" rel=\"noopener noreferrer\">Declaraci\u00f3n responsable de relaciones laborales o professionales con patrones <i class=\"fal fa-file-word\"><\/i><\/a>[\/et_pb_text][\/et_pb_column][\/et_pb_row][\/et_pb_section][et_pb_section fb_built=\u00bb1&#8243; _builder_version=\u00bb3.22.3&#8243;][et_pb_row module_class=\u00bb et_pb_row_fullwidth\u00bb _builder_version=\u00bb3.22.3&#8243; width=\u00bb100%\u00bb width_tablet=\u00bb100%\u00bb width_last_edited=\u00bbon|desktop\u00bb max_width=\u00bb100%\u00bb max_width_tablet=\u00bb100%\u00bb max_width_last_edited=\u00bbon|desktop\u00bb make_fullwidth=\u00bbon\u00bb][et_pb_column type=\u00bb4_4&#8243; _builder_version=\u00bb3.0.47&#8243;][et_pb_cta title=\u00bbMejora la gesti\u00f3n de tu entidad\u00bb button_url=\u00bbhttps:\/\/suport.fundesplai.org\/es\/club-suport\/inscribete\/\u00bb button_text=\u00bbHazte del Club Suport\u00bb admin_label=\u00bbCTA Club de Suport\u00bb module_class=\u00bbcta-intersticial\u00bb _builder_version=\u00bb3.21.3&#8243; z_index_tablet=\u00bb500&#8243; button_text_size__hover_enabled=\u00bboff\u00bb button_text_size__hover=\u00bbnull\u00bb button_one_text_size__hover_enabled=\u00bboff\u00bb button_one_text_size__hover=\u00bbnull\u00bb button_two_text_size__hover_enabled=\u00bboff\u00bb button_two_text_size__hover=\u00bbnull\u00bb button_text_color__hover_enabled=\u00bboff\u00bb button_text_color__hover=\u00bbnull\u00bb button_one_text_color__hover_enabled=\u00bboff\u00bb button_one_text_color__hover=\u00bbnull\u00bb button_two_text_color__hover_enabled=\u00bboff\u00bb button_two_text_color__hover=\u00bbnull\u00bb button_border_width__hover_enabled=\u00bboff\u00bb button_border_width__hover=\u00bbnull\u00bb button_one_border_width__hover_enabled=\u00bboff\u00bb button_one_border_width__hover=\u00bbnull\u00bb button_two_border_width__hover_enabled=\u00bboff\u00bb button_two_border_width__hover=\u00bbnull\u00bb button_border_color__hover_enabled=\u00bboff\u00bb button_border_color__hover=\u00bbnull\u00bb button_one_border_color__hover_enabled=\u00bboff\u00bb button_one_border_color__hover=\u00bbnull\u00bb button_two_border_color__hover_enabled=\u00bboff\u00bb button_two_border_color__hover=\u00bbnull\u00bb button_border_radius__hover_enabled=\u00bboff\u00bb button_border_radius__hover=\u00bbnull\u00bb button_one_border_radius__hover_enabled=\u00bboff\u00bb button_one_border_radius__hover=\u00bbnull\u00bb button_two_border_radius__hover_enabled=\u00bboff\u00bb button_two_border_radius__hover=\u00bbnull\u00bb button_letter_spacing__hover_enabled=\u00bboff\u00bb button_letter_spacing__hover=\u00bbnull\u00bb button_one_letter_spacing__hover_enabled=\u00bboff\u00bb button_one_letter_spacing__hover=\u00bbnull\u00bb button_two_letter_spacing__hover_enabled=\u00bboff\u00bb button_two_letter_spacing__hover=\u00bbnull\u00bb button_bg_color__hover_enabled=\u00bboff\u00bb button_bg_color__hover=\u00bbnull\u00bb button_one_bg_color__hover_enabled=\u00bboff\u00bb button_one_bg_color__hover=\u00bbnull\u00bb button_two_bg_color__hover_enabled=\u00bboff\u00bb button_two_bg_color__hover=\u00bbnull\u00bb][\/et_pb_cta][\/et_pb_column][\/et_pb_row][\/et_pb_section][et_pb_section fb_built=\u00bb1&#8243; module_id=\u00bbbutlleti\u00bb module_class=\u00bbseccio-segueix-nos\u00bb _builder_version=\u00bb3.22.3&#8243; custom_margin=\u00bb50px||50px|\u00bb global_module=\u00bb416&#8243;][et_pb_row _builder_version=\u00bb3.22.3&#8243; background_size=\u00bbinitial\u00bb background_position=\u00bbtop_left\u00bb background_repeat=\u00bbrepeat\u00bb][et_pb_column type=\u00bb4_4&#8243; _builder_version=\u00bb3.0.47&#8243;][et_pb_text admin_label=\u00bbSegueix-nos!\u00bb _builder_version=\u00bb3.12.2&#8243; text_orientation=\u00bbcenter\u00bb]<\/p>\n<h2>\u00a1S\u00edguenos!<\/h2>\n<p>[\/et_pb_text][et_pb_text admin_label=\u00bbFormulari subscripci\u00f3 ofertes\u00bb _builder_version=\u00bb3.19.4&#8243; text_orientation=\u00bbcenter\u00bb]Suscr\u00edbete ahora a nuestro bolet\u00edn<\/p>\n<p>[\/et_pb_text][et_pb_text admin_label=\u00bbSegueix-nos a les xarxes socials\u00bb _builder_version=\u00bb3.17.6&#8243; text_orientation=\u00bbcenter\u00bb]S\u00edguenos en nuestras redes sociales<\/p>\n<p>&nbsp;[\/et_pb_text][et_pb_social_media_follow admin_label=\u00bbxarxes socials\u00bb _builder_version=\u00bb3.19.7&#8243; border_radii=\u00bbon|30px|30px|30px|30px\u00bb text_orientation=\u00bbcenter\u00bb][et_pb_social_media_follow_network social_network=\u00bbtwitter\u00bb url=\u00bbhttps:\/\/twitter.com\/suport_org\u00bb _builder_version=\u00bb3.19.7&#8243; background_color=\u00bb#00aced\u00bb border_radii=\u00bbon|3px|3px|3px|3px\u00bb follow_button=\u00bboff\u00bb url_new_window=\u00bbon\u00bb]<\/p>\n<p>Twitter<\/p>\n<p>[\/et_pb_social_media_follow_network][et_pb_social_media_follow_network social_network=\u00bbfacebook\u00bb url=\u00bbhttps:\/\/www.facebook.com\/Fundesplai\/\u00bb _builder_version=\u00bb3.19.7&#8243; background_color=\u00bb#3b5998&#8243; border_radii=\u00bbon|3px|3px|3px|3px\u00bb follow_button=\u00bboff\u00bb url_new_window=\u00bbon\u00bb]<\/p>\n<p>Facebook<\/p>\n<p>[\/et_pb_social_media_follow_network][et_pb_social_media_follow_network social_network=\u00bbinstagram\u00bb url=\u00bbhttps:\/\/www.instagram.com\/fundesplai\/\u00bb _builder_version=\u00bb3.19.7&#8243; background_color=\u00bb#517fa4&#8243; border_radii=\u00bbon|3px|3px|3px|3px\u00bb follow_button=\u00bboff\u00bb url_new_window=\u00bbon\u00bb]<\/p>\n<p>Instagram<\/p>\n<p>[\/et_pb_social_media_follow_network][\/et_pb_social_media_follow][\/et_pb_column][\/et_pb_row][\/et_pb_section][et_pb_section fb_built=\u00bb1&#8243; module_class=\u00bbseccio-som-fundesplai\u00bb _builder_version=\u00bb3.22.3&#8243; background_color=\u00bb#c3c3c2&#8243; global_module=\u00bb428&#8243;][et_pb_row make_equal=\u00bbon\u00bb bg_img_1=\u00bbhttp:\/\/suport.fundesplai.org\/wp-content\/uploads\/2018\/06\/ninots-1.png\u00bb background_size_1=\u00bbcontain\u00bb background_position_1=\u00bbbottom_left\u00bb background_repeat_1=\u00bbno-repeat\u00bb padding_top_2=\u00bb50px\u00bb padding_bottom_2=\u00bb50px\u00bb padding_left_2=\u00bb50px\u00bb _builder_version=\u00bb3.22.3&#8243;][et_pb_column type=\u00bb1_3&#8243; _builder_version=\u00bb3.0.47&#8243;][\/et_pb_column][et_pb_column type=\u00bb2_3&#8243; _builder_version=\u00bb3.0.47&#8243;][et_pb_text admin_label=\u00bbSom Fundesplai\u00bb _builder_version=\u00bb3.19.17&#8243; custom_margin=\u00bb||20px|\u00bb]<\/p>\n<h2>Somos Fundesplai<\/h2>\n<p><strong>Somos una entidad sin \u00e1nimo de lucro<\/strong>\u00a0que trabaja desde hace m\u00e1s de 45 a\u00f1os a favor de la educaci\u00f3n y la felicidad de los ni\u00f1os y las ni\u00f1as, la equidad, la inclusi\u00f3n social, la protecci\u00f3n de la naturaleza y el desarrollo del Tercer Sector.<\/p>\n<p>Suport Tercer Sector es el departamento de Fundesplai dedicado a fortalecer las entidades del Tercer Sector.[\/et_pb_text][et_pb_button button_url=\u00bbhttps:\/\/fundesplai.org\/coneix-fundesplai\/\u00bb url_new_window=\u00bbon\u00bb button_text=\u00bbConoce Fundesplai\u00bb admin_label=\u00bbBot\u00f3 Coneix Fundesplai\u00bb module_id=\u00bbfix-icona\u00bb _builder_version=\u00bb3.19.17&#8243; custom_button=\u00bbon\u00bb button_text_color=\u00bb#ffffff\u00bb button_bg_color=\u00bb#666666&#8243; button_icon=\u00bb%%20%%\u00bb button_text_size__hover_enabled=\u00bboff\u00bb button_text_size__hover=\u00bbnull\u00bb button_one_text_size__hover_enabled=\u00bboff\u00bb button_one_text_size__hover=\u00bbnull\u00bb button_two_text_size__hover_enabled=\u00bboff\u00bb button_two_text_size__hover=\u00bbnull\u00bb button_text_color__hover_enabled=\u00bboff\u00bb button_text_color__hover=\u00bbnull\u00bb button_one_text_color__hover_enabled=\u00bboff\u00bb button_one_text_color__hover=\u00bbnull\u00bb button_two_text_color__hover_enabled=\u00bboff\u00bb button_two_text_color__hover=\u00bbnull\u00bb button_border_width__hover_enabled=\u00bboff\u00bb button_border_width__hover=\u00bbnull\u00bb button_one_border_width__hover_enabled=\u00bboff\u00bb button_one_border_width__hover=\u00bbnull\u00bb button_two_border_width__hover_enabled=\u00bboff\u00bb button_two_border_width__hover=\u00bbnull\u00bb button_border_color__hover_enabled=\u00bboff\u00bb button_border_color__hover=\u00bbnull\u00bb button_one_border_color__hover_enabled=\u00bboff\u00bb button_one_border_color__hover=\u00bbnull\u00bb button_two_border_color__hover_enabled=\u00bboff\u00bb button_two_border_color__hover=\u00bbnull\u00bb button_border_radius__hover_enabled=\u00bboff\u00bb button_border_radius__hover=\u00bbnull\u00bb button_one_border_radius__hover_enabled=\u00bboff\u00bb button_one_border_radius__hover=\u00bbnull\u00bb button_two_border_radius__hover_enabled=\u00bboff\u00bb button_two_border_radius__hover=\u00bbnull\u00bb button_letter_spacing__hover_enabled=\u00bboff\u00bb button_letter_spacing__hover=\u00bbnull\u00bb button_one_letter_spacing__hover_enabled=\u00bboff\u00bb button_one_letter_spacing__hover=\u00bbnull\u00bb button_two_letter_spacing__hover_enabled=\u00bboff\u00bb button_two_letter_spacing__hover=\u00bbnull\u00bb button_bg_color__hover_enabled=\u00bbon\u00bb button_bg_color__hover=\u00bb#666666&#8243; button_one_bg_color__hover_enabled=\u00bboff\u00bb button_one_bg_color__hover=\u00bbnull\u00bb button_two_bg_color__hover_enabled=\u00bboff\u00bb button_two_bg_color__hover=\u00bbnull\u00bb][\/et_pb_button][\/et_pb_column][\/et_pb_row][\/et_pb_section]<\/p>\n","protected":false},"excerpt":{"rendered":"<p>Modelos de documentos El equipo de expertos y expertas de Suport Tercer Sector de Fundesplai trabajamos para ofrecer a tu entidad herramientas de calidad y recursos espec\u00edficos para asociaciones y fundaciones. La gesti\u00f3n eficaz es esencial para el buen funcionamiento de las entidades, pero sabemos que muchas veces faltan t\u00e9cnicos y t\u00e9cnicas especialistas en gesti\u00f3n [&hellip;]<\/p>\n","protected":false},"author":1,"featured_media":0,"parent":7310,"menu_order":0,"comment_status":"closed","ping_status":"closed","template":"","meta":{"_et_pb_use_builder":"on","_et_pb_old_content":"","_et_gb_content_width":"","footnotes":""},"class_list":["post-7312","page","type-page","status-publish","hentry"],"yoast_head":"<!-- This site is optimized with the Yoast SEO plugin v27.3 - https:\/\/yoast.com\/product\/yoast-seo-wordpress\/ -->\n<title>Modelos de documentos - Suport Tercer Sector - Fundesplai<\/title>\n<meta name=\"robots\" content=\"index, follow, max-snippet:-1, max-image-preview:large, max-video-preview:-1\" \/>\n<link rel=\"canonical\" href=\"https:\/\/suport.fundesplai.org\/es\/recursos\/modelos-de-documentos\/\" \/>\n<meta property=\"og:locale\" content=\"es_ES\" \/>\n<meta property=\"og:type\" content=\"article\" \/>\n<meta property=\"og:title\" content=\"Modelos de documentos - Suport Tercer Sector - Fundesplai\" \/>\n<meta property=\"og:description\" content=\"Modelos de documentos El equipo de expertos y expertas de Suport Tercer Sector de Fundesplai trabajamos para ofrecer a tu entidad herramientas de calidad y recursos espec\u00edficos para asociaciones y fundaciones. La gesti\u00f3n eficaz es esencial para el buen funcionamiento de las entidades, pero sabemos que muchas veces faltan t\u00e9cnicos y t\u00e9cnicas especialistas en gesti\u00f3n [&hellip;]\" \/>\n<meta property=\"og:url\" content=\"https:\/\/suport.fundesplai.org\/es\/recursos\/modelos-de-documentos\/\" \/>\n<meta property=\"og:site_name\" content=\"Suport Tercer Sector - Fundesplai\" \/>\n<meta property=\"article:publisher\" content=\"https:\/\/www.facebook.com\/Fundesplai\/\" \/>\n<meta property=\"article:modified_time\" content=\"2020-07-26T17:25:28+00:00\" \/>\n<meta property=\"og:image\" content=\"https:\/\/suport.fundesplai.org\/wp-content\/uploads\/2019\/04\/books-1845614_1280.jpg\" \/>\n\t<meta property=\"og:image:width\" content=\"1280\" \/>\n\t<meta property=\"og:image:height\" content=\"695\" \/>\n\t<meta property=\"og:image:type\" content=\"image\/jpeg\" \/>\n<meta name=\"twitter:card\" content=\"summary_large_image\" \/>\n<meta name=\"twitter:site\" content=\"@suport_org\" \/>\n<meta name=\"twitter:label1\" content=\"Tiempo de lectura\" \/>\n\t<meta name=\"twitter:data1\" content=\"8 minutos\" \/>\n<script type=\"application\/ld+json\" class=\"yoast-schema-graph\">{\"@context\":\"https:\\\/\\\/schema.org\",\"@graph\":[{\"@type\":\"WebPage\",\"@id\":\"https:\\\/\\\/suport.fundesplai.org\\\/es\\\/recursos\\\/modelos-de-documentos\\\/\",\"url\":\"https:\\\/\\\/suport.fundesplai.org\\\/es\\\/recursos\\\/modelos-de-documentos\\\/\",\"name\":\"Modelos de documentos - Suport Tercer Sector - Fundesplai\",\"isPartOf\":{\"@id\":\"https:\\\/\\\/suport.fundesplai.org\\\/es\\\/#website\"},\"datePublished\":\"2019-05-21T09:51:39+00:00\",\"dateModified\":\"2020-07-26T17:25:28+00:00\",\"breadcrumb\":{\"@id\":\"https:\\\/\\\/suport.fundesplai.org\\\/es\\\/recursos\\\/modelos-de-documentos\\\/#breadcrumb\"},\"inLanguage\":\"es\",\"potentialAction\":[{\"@type\":\"ReadAction\",\"target\":[\"https:\\\/\\\/suport.fundesplai.org\\\/es\\\/recursos\\\/modelos-de-documentos\\\/\"]}]},{\"@type\":\"BreadcrumbList\",\"@id\":\"https:\\\/\\\/suport.fundesplai.org\\\/es\\\/recursos\\\/modelos-de-documentos\\\/#breadcrumb\",\"itemListElement\":[{\"@type\":\"ListItem\",\"position\":1,\"name\":\"Inici\",\"item\":\"https:\\\/\\\/suport.fundesplai.org\\\/es\\\/\"},{\"@type\":\"ListItem\",\"position\":2,\"name\":\"Recursos\",\"item\":\"https:\\\/\\\/suport.fundesplai.org\\\/es\\\/recursos\\\/\"},{\"@type\":\"ListItem\",\"position\":3,\"name\":\"Modelos de documentos\"}]},{\"@type\":\"WebSite\",\"@id\":\"https:\\\/\\\/suport.fundesplai.org\\\/es\\\/#website\",\"url\":\"https:\\\/\\\/suport.fundesplai.org\\\/es\\\/\",\"name\":\"Suport Tercer Sector - Fundesplai\",\"description\":\"Gesti\u00f3n de asociaciones y fundaciones\",\"publisher\":{\"@id\":\"https:\\\/\\\/suport.fundesplai.org\\\/es\\\/#organization\"},\"potentialAction\":[{\"@type\":\"SearchAction\",\"target\":{\"@type\":\"EntryPoint\",\"urlTemplate\":\"https:\\\/\\\/suport.fundesplai.org\\\/es\\\/?s={search_term_string}\"},\"query-input\":{\"@type\":\"PropertyValueSpecification\",\"valueRequired\":true,\"valueName\":\"search_term_string\"}}],\"inLanguage\":\"es\"},{\"@type\":\"Organization\",\"@id\":\"https:\\\/\\\/suport.fundesplai.org\\\/es\\\/#organization\",\"name\":\"Suport Tercer Sector de Fundesplai per entitats i associacions\",\"url\":\"https:\\\/\\\/suport.fundesplai.org\\\/es\\\/\",\"logo\":{\"@type\":\"ImageObject\",\"inLanguage\":\"es\",\"@id\":\"https:\\\/\\\/suport.fundesplai.org\\\/es\\\/#\\\/schema\\\/logo\\\/image\\\/\",\"url\":\"https:\\\/\\\/suport.fundesplai.org\\\/wp-content\\\/uploads\\\/2019\\\/08\\\/lgo-suport-tercer-sector-fe-2.png\",\"contentUrl\":\"https:\\\/\\\/suport.fundesplai.org\\\/wp-content\\\/uploads\\\/2019\\\/08\\\/lgo-suport-tercer-sector-fe-2.png\",\"width\":300,\"height\":141,\"caption\":\"Suport Tercer Sector de Fundesplai per entitats i associacions\"},\"image\":{\"@id\":\"https:\\\/\\\/suport.fundesplai.org\\\/es\\\/#\\\/schema\\\/logo\\\/image\\\/\"},\"sameAs\":[\"https:\\\/\\\/www.facebook.com\\\/Fundesplai\\\/\",\"https:\\\/\\\/x.com\\\/suport_org\",\"https:\\\/\\\/www.instagram.com\\\/fundesplai\\\/\",\"https:\\\/\\\/www.linkedin.com\\\/company\\\/fundesplai\",\"https:\\\/\\\/www.youtube.com\\\/channel\\\/UCGaevIfQeecUHeWq1m-WLYw\",\"https:\\\/\\\/ca.wikipedia.org\\\/wiki\\\/Fundaci\u00f3_Catalana_de_l'Esplai\"]}]}<\/script>\n<!-- \/ Yoast SEO plugin. -->","yoast_head_json":{"title":"Modelos de documentos - Suport Tercer Sector - Fundesplai","robots":{"index":"index","follow":"follow","max-snippet":"max-snippet:-1","max-image-preview":"max-image-preview:large","max-video-preview":"max-video-preview:-1"},"canonical":"https:\/\/suport.fundesplai.org\/es\/recursos\/modelos-de-documentos\/","og_locale":"es_ES","og_type":"article","og_title":"Modelos de documentos - Suport Tercer Sector - Fundesplai","og_description":"Modelos de documentos El equipo de expertos y expertas de Suport Tercer Sector de Fundesplai trabajamos para ofrecer a tu entidad herramientas de calidad y recursos espec\u00edficos para asociaciones y fundaciones. La gesti\u00f3n eficaz es esencial para el buen funcionamiento de las entidades, pero sabemos que muchas veces faltan t\u00e9cnicos y t\u00e9cnicas especialistas en gesti\u00f3n [&hellip;]","og_url":"https:\/\/suport.fundesplai.org\/es\/recursos\/modelos-de-documentos\/","og_site_name":"Suport Tercer Sector - Fundesplai","article_publisher":"https:\/\/www.facebook.com\/Fundesplai\/","article_modified_time":"2020-07-26T17:25:28+00:00","og_image":[{"width":1280,"height":695,"url":"https:\/\/suport.fundesplai.org\/wp-content\/uploads\/2019\/04\/books-1845614_1280.jpg","type":"image\/jpeg"}],"twitter_card":"summary_large_image","twitter_site":"@suport_org","twitter_misc":{"Tiempo de lectura":"8 minutos"},"schema":{"@context":"https:\/\/schema.org","@graph":[{"@type":"WebPage","@id":"https:\/\/suport.fundesplai.org\/es\/recursos\/modelos-de-documentos\/","url":"https:\/\/suport.fundesplai.org\/es\/recursos\/modelos-de-documentos\/","name":"Modelos de documentos - Suport Tercer Sector - Fundesplai","isPartOf":{"@id":"https:\/\/suport.fundesplai.org\/es\/#website"},"datePublished":"2019-05-21T09:51:39+00:00","dateModified":"2020-07-26T17:25:28+00:00","breadcrumb":{"@id":"https:\/\/suport.fundesplai.org\/es\/recursos\/modelos-de-documentos\/#breadcrumb"},"inLanguage":"es","potentialAction":[{"@type":"ReadAction","target":["https:\/\/suport.fundesplai.org\/es\/recursos\/modelos-de-documentos\/"]}]},{"@type":"BreadcrumbList","@id":"https:\/\/suport.fundesplai.org\/es\/recursos\/modelos-de-documentos\/#breadcrumb","itemListElement":[{"@type":"ListItem","position":1,"name":"Inici","item":"https:\/\/suport.fundesplai.org\/es\/"},{"@type":"ListItem","position":2,"name":"Recursos","item":"https:\/\/suport.fundesplai.org\/es\/recursos\/"},{"@type":"ListItem","position":3,"name":"Modelos de documentos"}]},{"@type":"WebSite","@id":"https:\/\/suport.fundesplai.org\/es\/#website","url":"https:\/\/suport.fundesplai.org\/es\/","name":"Suport Tercer Sector - Fundesplai","description":"Gesti\u00f3n de asociaciones y fundaciones","publisher":{"@id":"https:\/\/suport.fundesplai.org\/es\/#organization"},"potentialAction":[{"@type":"SearchAction","target":{"@type":"EntryPoint","urlTemplate":"https:\/\/suport.fundesplai.org\/es\/?s={search_term_string}"},"query-input":{"@type":"PropertyValueSpecification","valueRequired":true,"valueName":"search_term_string"}}],"inLanguage":"es"},{"@type":"Organization","@id":"https:\/\/suport.fundesplai.org\/es\/#organization","name":"Suport Tercer Sector de Fundesplai per entitats i associacions","url":"https:\/\/suport.fundesplai.org\/es\/","logo":{"@type":"ImageObject","inLanguage":"es","@id":"https:\/\/suport.fundesplai.org\/es\/#\/schema\/logo\/image\/","url":"https:\/\/suport.fundesplai.org\/wp-content\/uploads\/2019\/08\/lgo-suport-tercer-sector-fe-2.png","contentUrl":"https:\/\/suport.fundesplai.org\/wp-content\/uploads\/2019\/08\/lgo-suport-tercer-sector-fe-2.png","width":300,"height":141,"caption":"Suport Tercer Sector de Fundesplai per entitats i associacions"},"image":{"@id":"https:\/\/suport.fundesplai.org\/es\/#\/schema\/logo\/image\/"},"sameAs":["https:\/\/www.facebook.com\/Fundesplai\/","https:\/\/x.com\/suport_org","https:\/\/www.instagram.com\/fundesplai\/","https:\/\/www.linkedin.com\/company\/fundesplai","https:\/\/www.youtube.com\/channel\/UCGaevIfQeecUHeWq1m-WLYw","https:\/\/ca.wikipedia.org\/wiki\/Fundaci\u00f3_Catalana_de_l'Esplai"]}]}},"_links":{"self":[{"href":"https:\/\/suport.fundesplai.org\/es\/wp-json\/wp\/v2\/pages\/7312","targetHints":{"allow":["GET"]}}],"collection":[{"href":"https:\/\/suport.fundesplai.org\/es\/wp-json\/wp\/v2\/pages"}],"about":[{"href":"https:\/\/suport.fundesplai.org\/es\/wp-json\/wp\/v2\/types\/page"}],"author":[{"embeddable":true,"href":"https:\/\/suport.fundesplai.org\/es\/wp-json\/wp\/v2\/users\/1"}],"replies":[{"embeddable":true,"href":"https:\/\/suport.fundesplai.org\/es\/wp-json\/wp\/v2\/comments?post=7312"}],"version-history":[{"count":1,"href":"https:\/\/suport.fundesplai.org\/es\/wp-json\/wp\/v2\/pages\/7312\/revisions"}],"predecessor-version":[{"id":15638,"href":"https:\/\/suport.fundesplai.org\/es\/wp-json\/wp\/v2\/pages\/7312\/revisions\/15638"}],"up":[{"embeddable":true,"href":"https:\/\/suport.fundesplai.org\/es\/wp-json\/wp\/v2\/pages\/7310"}],"wp:attachment":[{"href":"https:\/\/suport.fundesplai.org\/es\/wp-json\/wp\/v2\/media?parent=7312"}],"curies":[{"name":"wp","href":"https:\/\/api.w.org\/{rel}","templated":true}]}}